{"id":449,"date":"2023-03-02T09:09:30","date_gmt":"2023-03-02T09:09:30","guid":{"rendered":"https:\/\/zealous-babbage.81-27-231-25.plesk.page\/?page_id=449"},"modified":"2023-03-09T08:50:57","modified_gmt":"2023-03-09T08:50:57","slug":"location-1","status":"publish","type":"page","link":"https:\/\/zealous-babbage.81-27-231-25.plesk.page\/index.php\/location-1\/","title":{"rendered":"Location 1"},"content":{"rendered":"\n\n\t\t\t\t<a href=\"https:\/\/zealous-babbage.81-27-231-25.plesk.page\/index.php\/hochzeitsfotograf-koeln-startseite\/\" target=\"_self\" itemprop=\"url\" rel=\"noopener\">\n\t\t\t\t<img loading=\"lazy\" decoding=\"async\" src=\"https:\/\/zealous-babbage.81-27-231-25.plesk.page\/wp-content\/uploads\/2023\/03\/Element-1.png\" alt=\"K\u00f6ln 1\" itemprop=\"image\" height=\"65\" width=\"185\" title=\"Element 1\" onerror=\"this.style.display='none'\"  \/>\n\t\t\t\t<\/a>\n\t\t\t\t<img loading=\"lazy\" decoding=\"async\" src=\"https:\/\/zealous-babbage.81-27-231-25.plesk.page\/wp-content\/uploads\/2023\/02\/Hochzeitsfotograf-Saarland-Authentic-Stories-73-1-1024x683-1.jpg\" alt=\"Hochzeitsfotograf-Saarland-Authentic-Stories-73-1-1024x683\" itemprop=\"image\" height=\"683\" width=\"1024\" title=\"Hochzeitsfotograf-Saarland-Authentic-Stories-73-1-1024x683\" onerror=\"this.style.display='none'\"  \/>\n<h1>\n\t\tHeiraten auf Gut Nettehammer\n\t<\/h1>\n\t<p>Hier soll ein Text \u00fcber die jeweilige Location stehen. \u00dcber Lage, Catering, wie viele Menschen Platz haben, B\u00fchne, besondere Features<\/p>\n<p>&nbsp;<\/p>\n<p>Lorem ipsum dolor sit amet, consetetur sadipscing elitr, sed diam nonumy eirmod tempor invidunt ut labore et dolore magna aliquyam erat, sed diam voluptua. At vero eos et accusam et justo duo dolores et ea rebum. Stet clita kasd gubergren, no sea takimata sanctus est Lorem ipsum dolor sit amet. Lorem ipsum dolor sit amet, consetetur sadipscing elitr, sed diam nonumy eirmod tempor invidunt ut labore et dolore magna aliquyam erat, sed diam voluptua. At vero eos et accusam et justo duo dolores et ea rebum. Stet clita kasd gubergren, no sea takimata sanctus est Lorem ipsum dolor sit amet.<\/p>\n\t\t\t<a href=\"\" target=\"_self\" role=\"button\" rel=\"noopener\">\n\t\t\t\t\t\t\tZur Location\n\t\t\t\t\t<\/a>\n<h2>\n\t\tHochzeiten auf Gut Nettehammer\n\t<\/h2>\n\t\t\t\t<img loading=\"lazy\" decoding=\"async\" src=\"https:\/\/zealous-babbage.81-27-231-25.plesk.page\/wp-content\/uploads\/2023\/02\/Hochzeitsfotograf-Saarland-Authentic-Stories-118-1-1024x683-1.jpg\" alt=\"Jane &amp; John\" itemprop=\"image\" height=\"683\" width=\"1024\" title=\"Hochzeitsfotograf-Saarland-Authentic-Stories-118-1-1024x683\" onerror=\"this.style.display='none'\"  \/>\n\t\t\t\t\t\tJane &amp; John\n\t<p>Hier kommt ein kleiner Teasertext hin, den wir uns dann f\u00fcr die jeweilige Hochzeit noch \u00fcberlegen m\u00fcssen. Der sollte dann auch nicht unbedingt viel l\u00e4nger als so sein. Supi danke yay.<\/p>\n\t\t\t<a href=\"\" target=\"_self\" role=\"button\" rel=\"noopener\">\n\t\t\t\t\t\t\tZur Hochzeitsreportage\n\t\t\t\t\t<\/a>\n\t\t\t\t<img loading=\"lazy\" decoding=\"async\" src=\"https:\/\/zealous-babbage.81-27-231-25.plesk.page\/wp-content\/uploads\/2023\/02\/Hochzeitsfotograf-Saarland-Authentic-Stories-113-1-1024x683-1.jpg\" alt=\"Jane &amp; John\" itemprop=\"image\" height=\"683\" width=\"1024\" title=\"Hochzeitsfotograf-Saarland-Authentic-Stories-113-1-1024x683\" onerror=\"this.style.display='none'\"  \/>\n\t\t\t\t\t\tJane &amp; John\n\t<p>Hier kommt ein kleiner Teasertext hin, den wir uns dann f\u00fcr die jeweilige Hochzeit noch \u00fcberlegen m\u00fcssen. Der sollte dann auch nicht unbedingt viel l\u00e4nger als so sein. Supi danke yay.<\/p>\n\t\t\t<a href=\"\" target=\"_self\" role=\"button\" rel=\"noopener\">\n\t\t\t\t\t\t\tZur Hochzeitsreportage\n\t\t\t\t\t<\/a>\nNo posts found<h2>\n\t\tIhr habt noch Fragen?\n\t<\/h2>\n<h2>\n\t\tSchreibt uns jetzt!\n\t<\/h2>\n\t\t\t\t<img loading=\"lazy\" decoding=\"async\" src=\"https:\/\/zealous-babbage.81-27-231-25.plesk.page\/wp-content\/uploads\/2023\/03\/Element-1.png\" alt=\"K\u00f6ln 1\" itemprop=\"image\" height=\"65\" width=\"185\" title=\"Element 1\" onerror=\"this.style.display='none'\"  \/>\n\tInhaber: Lars May<br \/>\nHauptstra\u00dfe 45<br \/>\n56743 Mendig\n<p>+49 2652 9585155<\/p>\n<p>info@larsmay.com<\/p>\n\n","protected":false},"excerpt":{"rendered":"<p>Heiraten auf Gut Nettehammer Hier soll ein Text \u00fcber die jeweilige Location stehen. \u00dcber Lage, Catering, wie viele Menschen Platz haben, B\u00fchne, besondere Features &nbsp; Lorem ipsum dolor sit amet, consetetur sadipscing elitr, sed diam nonumy eirmod tempor invidunt ut labore et dolore magna aliquyam erat, sed diam voluptua. At vero eos et accusam et&hellip;<\/p>\n","protected":false},"author":1,"featured_media":0,"parent":0,"menu_order":0,"comment_status":"closed","ping_status":"closed","template":"tpl-no-header-footer.php","meta":{"footnotes":""},"class_list":["post-449","page","type-page","status-publish","hentry"],"_links":{"self":[{"href":"https:\/\/zealous-babbage.81-27-231-25.plesk.page\/index.php\/wp-json\/wp\/v2\/pages\/449","targetHints":{"allow":["GET"]}}],"collection":[{"href":"https:\/\/zealous-babbage.81-27-231-25.plesk.page\/index.php\/wp-json\/wp\/v2\/pages"}],"about":[{"href":"https:\/\/zealous-babbage.81-27-231-25.plesk.page\/index.php\/wp-json\/wp\/v2\/types\/page"}],"author":[{"embeddable":true,"href":"https:\/\/zealous-babbage.81-27-231-25.plesk.page\/index.php\/wp-json\/wp\/v2\/users\/1"}],"replies":[{"embeddable":true,"href":"https:\/\/zealous-babbage.81-27-231-25.plesk.page\/index.php\/wp-json\/wp\/v2\/comments?post=449"}],"version-history":[{"count":19,"href":"https:\/\/zealous-babbage.81-27-231-25.plesk.page\/index.php\/wp-json\/wp\/v2\/pages\/449\/revisions"}],"predecessor-version":[{"id":710,"href":"https:\/\/zealous-babbage.81-27-231-25.plesk.page\/index.php\/wp-json\/wp\/v2\/pages\/449\/revisions\/710"}],"wp:attachment":[{"href":"https:\/\/zealous-babbage.81-27-231-25.plesk.page\/index.php\/wp-json\/wp\/v2\/media?parent=449"}],"curies":[{"name":"wp","href":"https:\/\/api.w.org\/{rel}","templated":true}]}}