{"id":466,"date":"2023-03-02T16:15:46","date_gmt":"2023-03-02T16:15:46","guid":{"rendered":"https:\/\/zealous-babbage.81-27-231-25.plesk.page\/?page_id=466"},"modified":"2023-03-03T11:41:54","modified_gmt":"2023-03-03T11:41:54","slug":"unsere-liebsten-hochzeitslocations","status":"publish","type":"page","link":"https:\/\/zealous-babbage.81-27-231-25.plesk.page\/index.php\/unsere-liebsten-hochzeitslocations\/","title":{"rendered":"Unsere liebsten Hochzeitslocations"},"content":{"rendered":"\n\n\t\t\t\t<img loading=\"lazy\" decoding=\"async\" src=\"https:\/\/zealous-babbage.81-27-231-25.plesk.page\/wp-content\/uploads\/2023\/03\/Element-1.png\" alt=\"K\u00f6ln 1\" itemprop=\"image\" height=\"65\" width=\"185\" title=\"Element 1\" onerror=\"this.style.display='none'\"  \/>\n<h2>\n\t\tUnsere liebsten Hochzeitslocations\n\t<\/h2>\n\t<p>Ihr heiratet im Raum K\u00f6ln\/Bonn und sucht noch nach der perfekten Location f\u00fcr eure Hochzeitsfeier? Wir als Hochzeitsfotografinnen und Hochzeitsfotografen sind jedes Jahr auf vielen Hochzeiten unterwegs &#8211; hei\u00dft wir sehen auch viele verschiedene Locations. Hier haben wir unsere liebsten Hochzeitslocations f\u00fcr euch aufgef\u00fchrt. Klickt euch doch mal durch. Vielleicht ist eure Traumlocation auch dabei!<\/p>\n\t\t\t\tAlle\n\t\t\t<ul>\n\t\t\t\t\t\t\t\t<li id=\"pp-gallery--0\" data-filter=\"*\">Alle<\/li>\n\t\t\t\t\t\t\t<li id=\"pp-gallery--1\" data-filter=\".pp-group-1\">K\u00f6ln<\/li><li id=\"pp-gallery--2\" data-filter=\".pp-group-2\">Bonn<\/li><li id=\"pp-gallery--3\" data-filter=\".pp-group-3\">Koblenz<\/li>\t\t\t<\/ul>\n\t\t\t\t\t\t\t\t<a href=\"https:\/\/zealous-babbage.81-27-231-25.plesk.page\/index.php\/location-1\/\" target=\"_self\" rel=\"noopener\">\n\t\t\t\t<img loading=\"lazy\" decoding=\"async\" src=\"https:\/\/zealous-babbage.81-27-231-25.plesk.page\/wp-content\/uploads\/2023\/03\/Element-1.png\" alt=\"\" data-no-lazy=\"1\" width=\"185\" height=\"65\" \/>\n\t\t\t\t\t\t\t\t\t<!-- overlay start -->\n\t\t\t\t\t<!-- overlay end -->\n\t\t\t\t\t\t\t\t<\/a>\n\t\t\t\t\t\tK\u00f6ln 1\n\t\t\t\t\t\t\t\t<a href=\"void(0)\" target=\"_self\" rel=\"noopener\">\n\t\t\t\t<img loading=\"lazy\" decoding=\"async\" src=\"https:\/\/zealous-babbage.81-27-231-25.plesk.page\/wp-content\/uploads\/2023\/02\/Hochzeitsfotograf-Saarland-Authentic-Stories-136-1-1024x683-1-300x200.jpg\" alt=\"\" data-no-lazy=\"1\" width=\"300\" height=\"200\" \/>\n\t\t\t\t\t\t\t\t\t<!-- overlay start -->\n\t\t\t\t\t<!-- overlay end -->\n\t\t\t\t\t\t\t\t<\/a>\n\t\t\t\t\t\tK\u00f6ln 2\n\t\t\t\t\t\t\t\t<a href=\"https:\/\/zealous-babbage.81-27-231-25.plesk.page\/index.php\/location-1\/\" target=\"_self\" rel=\"noopener\">\n\t\t\t\t<img loading=\"lazy\" decoding=\"async\" src=\"https:\/\/zealous-babbage.81-27-231-25.plesk.page\/wp-content\/uploads\/2023\/02\/Hochzeitsfotograf-Saarland-Authentic-Stories-139-1-1024x683-1-300x200.jpg\" alt=\"\" data-no-lazy=\"1\" width=\"300\" height=\"200\" \/>\n\t\t\t\t\t\t\t\t\t<!-- overlay start -->\n\t\t\t\t\t<!-- overlay end -->\n\t\t\t\t\t\t\t\t<\/a>\n\t\t\t\t\t\tK\u00f6ln 3\n\t\t\t\t\t\t\t\t<a href=\"https:\/\/zealous-babbage.81-27-231-25.plesk.page\/index.php\/location-1\/\" target=\"_self\" rel=\"noopener\">\n\t\t\t\t<img loading=\"lazy\" decoding=\"async\" src=\"https:\/\/zealous-babbage.81-27-231-25.plesk.page\/wp-content\/uploads\/2023\/02\/Hochzeitsfotograf-Saarland-Authentic-Stories-160-1-1024x683-1-300x200.jpg\" alt=\"\" data-no-lazy=\"1\" width=\"300\" height=\"200\" \/>\n\t\t\t\t\t\t\t\t\t<!-- overlay start -->\n\t\t\t\t\t<!-- overlay end -->\n\t\t\t\t\t\t\t\t<\/a>\n\t\t\t\t\t\tBonn 1\n\t\t\t\t\t\t\t\t<a href=\"https:\/\/zealous-babbage.81-27-231-25.plesk.page\/index.php\/location-1\/\" target=\"_self\" rel=\"noopener\">\n\t\t\t\t<img loading=\"lazy\" decoding=\"async\" src=\"https:\/\/zealous-babbage.81-27-231-25.plesk.page\/wp-content\/uploads\/2023\/02\/Hochzeitsfotograf-Saarland-Authentic-Stories-179-1-1024x683-1-300x200.jpg\" alt=\"\" data-no-lazy=\"1\" width=\"300\" height=\"200\" \/>\n\t\t\t\t\t\t\t\t\t<!-- overlay start -->\n\t\t\t\t\t<!-- overlay end -->\n\t\t\t\t\t\t\t\t<\/a>\n\t\t\t\t\t\tBonn 2\n\t\t\t\t\t\t\t\t<a href=\"https:\/\/zealous-babbage.81-27-231-25.plesk.page\/index.php\/location-1\/\" target=\"_self\" rel=\"noopener\">\n\t\t\t\t<img loading=\"lazy\" decoding=\"async\" src=\"https:\/\/zealous-babbage.81-27-231-25.plesk.page\/wp-content\/uploads\/2023\/02\/Hochzeitsfotograf-Saarland-Authentic-Stories-35-1-1024x683-1-300x200.jpg\" alt=\"\" data-no-lazy=\"1\" width=\"300\" height=\"200\" \/>\n\t\t\t\t\t\t\t\t\t<!-- overlay start -->\n\t\t\t\t\t<!-- overlay end -->\n\t\t\t\t\t\t\t\t<\/a>\n\t\t\t\t\t\tBonn 3\n\t\t\t\t\t\t\t\t<a href=\"https:\/\/zealous-babbage.81-27-231-25.plesk.page\/index.php\/location-1\/\" target=\"_self\" rel=\"noopener\">\n\t\t\t\t<img loading=\"lazy\" decoding=\"async\" src=\"https:\/\/zealous-babbage.81-27-231-25.plesk.page\/wp-content\/uploads\/2023\/02\/Hochzeitsfotograf-Saarland-Authentic-Stories-71-1-1024x683-1-300x200.jpg\" alt=\"\" data-no-lazy=\"1\" width=\"300\" height=\"200\" \/>\n\t\t\t\t\t\t\t\t\t<!-- overlay start -->\n\t\t\t\t\t<!-- overlay end -->\n\t\t\t\t\t\t\t\t<\/a>\n\t\t\t\t\t\tKoblenz 1\n\t\t\t\t\t\t\t\t<a href=\"https:\/\/zealous-babbage.81-27-231-25.plesk.page\/index.php\/location-1\/\" target=\"_self\" rel=\"noopener\">\n\t\t\t\t<img loading=\"lazy\" decoding=\"async\" src=\"https:\/\/zealous-babbage.81-27-231-25.plesk.page\/wp-content\/uploads\/2023\/02\/Hochzeitsfotograf-Saarland-Authentic-Stories-83-1-1024x683-2-300x200.jpg\" alt=\"\" data-no-lazy=\"1\" width=\"300\" height=\"200\" \/>\n\t\t\t\t\t\t\t\t\t<!-- overlay start -->\n\t\t\t\t\t<!-- overlay end -->\n\t\t\t\t\t\t\t\t<\/a>\n\t\t\t\t\t\tKoblenz 2\n\t\t\t\t\t\t\t\t<a href=\"https:\/\/zealous-babbage.81-27-231-25.plesk.page\/index.php\/location-1\/\" target=\"_self\" rel=\"noopener\">\n\t\t\t\t<img loading=\"lazy\" decoding=\"async\" src=\"https:\/\/zealous-babbage.81-27-231-25.plesk.page\/wp-content\/uploads\/2023\/02\/Hochzeitsfotograf-Saarland-Authentic-Stories-82-1-1024x683-1-300x200.jpg\" alt=\"\" data-no-lazy=\"1\" width=\"300\" height=\"200\" \/>\n\t\t\t\t\t\t\t\t\t<!-- overlay start -->\n\t\t\t\t\t<!-- overlay end -->\n\t\t\t\t\t\t\t\t<\/a>\n\t\t\t\t\t\tKoblenz 3\nNo posts found<h2>\n\t\tIhr habt noch Fragen?\n\t<\/h2>\n<h2>\n\t\tWir helfen euch gern!\n\t<\/h2>\n\t\t\t\t<img loading=\"lazy\" decoding=\"async\" src=\"https:\/\/zealous-babbage.81-27-231-25.plesk.page\/wp-content\/uploads\/2023\/03\/Element-1.png\" alt=\"K\u00f6ln 1\" itemprop=\"image\" height=\"65\" width=\"185\" title=\"Element 1\" onerror=\"this.style.display='none'\"  \/>\n\tInhaber: Lars May<br \/>\nHauptstra\u00dfe 45<br \/>\n56743 Mendig\n<p>+49 2652 9585155<\/p>\n<p>info@larsmay.com<\/p>\n\n","protected":false},"excerpt":{"rendered":"<p>Unsere liebsten Hochzeitslocations Ihr heiratet im Raum K\u00f6ln\/Bonn und sucht noch nach der perfekten Location f\u00fcr eure Hochzeitsfeier? Wir als Hochzeitsfotografinnen und Hochzeitsfotografen sind jedes Jahr auf vielen Hochzeiten unterwegs &#8211; hei\u00dft wir sehen auch viele verschiedene Locations. Hier haben wir unsere liebsten Hochzeitslocations f\u00fcr euch aufgef\u00fchrt. Klickt euch doch mal durch. Vielleicht ist eure&hellip;<\/p>\n","protected":false},"author":1,"featured_media":0,"parent":0,"menu_order":0,"comment_status":"closed","ping_status":"closed","template":"tpl-no-header-footer.php","meta":{"footnotes":""},"class_list":["post-466","page","type-page","status-publish","hentry"],"_links":{"self":[{"href":"https:\/\/zealous-babbage.81-27-231-25.plesk.page\/index.php\/wp-json\/wp\/v2\/pages\/466","targetHints":{"allow":["GET"]}}],"collection":[{"href":"https:\/\/zealous-babbage.81-27-231-25.plesk.page\/index.php\/wp-json\/wp\/v2\/pages"}],"about":[{"href":"https:\/\/zealous-babbage.81-27-231-25.plesk.page\/index.php\/wp-json\/wp\/v2\/types\/page"}],"author":[{"embeddable":true,"href":"https:\/\/zealous-babbage.81-27-231-25.plesk.page\/index.php\/wp-json\/wp\/v2\/users\/1"}],"replies":[{"embeddable":true,"href":"https:\/\/zealous-babbage.81-27-231-25.plesk.page\/index.php\/wp-json\/wp\/v2\/comments?post=466"}],"version-history":[{"count":8,"href":"https:\/\/zealous-babbage.81-27-231-25.plesk.page\/index.php\/wp-json\/wp\/v2\/pages\/466\/revisions"}],"predecessor-version":[{"id":475,"href":"https:\/\/zealous-babbage.81-27-231-25.plesk.page\/index.php\/wp-json\/wp\/v2\/pages\/466\/revisions\/475"}],"wp:attachment":[{"href":"https:\/\/zealous-babbage.81-27-231-25.plesk.page\/index.php\/wp-json\/wp\/v2\/media?parent=466"}],"curies":[{"name":"wp","href":"https:\/\/api.w.org\/{rel}","templated":true}]}}