{"id":9,"date":"2023-02-27T11:53:44","date_gmt":"2023-02-27T11:53:44","guid":{"rendered":"https:\/\/zealous-babbage.81-27-231-25.plesk.page\/?page_id=9"},"modified":"2023-03-09T07:52:07","modified_gmt":"2023-03-09T07:52:07","slug":"hochzeitsfotograf-koeln-startseite","status":"publish","type":"page","link":"https:\/\/zealous-babbage.81-27-231-25.plesk.page\/index.php\/hochzeitsfotograf-koeln-startseite\/","title":{"rendered":"Hochzeitsfotograf K\u00f6ln &#8211; Startseite"},"content":{"rendered":"\n\n\t\t\t\t<a href=\"https:\/\/zealous-babbage.81-27-231-25.plesk.page\/index.php\/hochzeitsfotograf-koeln-startseite\/\" target=\"_self\" itemprop=\"url\" rel=\"noopener\">\n\t\t\t\t<img loading=\"lazy\" decoding=\"async\" src=\"https:\/\/zealous-babbage.81-27-231-25.plesk.page\/wp-content\/uploads\/2023\/03\/Element-1.png\" alt=\"K\u00f6ln 1\" itemprop=\"image\" height=\"65\" width=\"185\" title=\"Element 1\" onerror=\"this.style.display='none'\"  \/>\n\t\t\t\t<\/a>\n\t\t\t\t<img loading=\"lazy\" decoding=\"async\" src=\"https:\/\/zealous-babbage.81-27-231-25.plesk.page\/wp-content\/uploads\/2023\/02\/Hochzeitsfotograf-Saarland-Authentic-Stories-76-1-1024x683-1.jpg\" alt=\"Hochzeitsfotograf-Saarland-Authentic-Stories-76-1-1024x683\" itemprop=\"image\" height=\"683\" width=\"1024\" title=\"Hochzeitsfotograf-Saarland-Authentic-Stories-76-1-1024x683\" onerror=\"this.style.display='none'\"  \/>\n<h1>\n\t\tHochzeitsfotografie\n\t<\/h1>\n<h2>\n\t\tK\u00f6ln\n\t<\/h2>\n\t\t\t\t<img loading=\"lazy\" decoding=\"async\" src=\"https:\/\/zealous-babbage.81-27-231-25.plesk.page\/wp-content\/uploads\/2023\/03\/Island-42-scaled.jpg\" alt=\"Island-42\" itemprop=\"image\" height=\"1707\" width=\"2560\" title=\"Island-42\" onerror=\"this.style.display='none'\"  \/>\n<h2>\n\t\tWillkommen bei Authentic Stories! \n\t<\/h2>\n<h2>\n\t\tSch\u00f6n, dass ihr uns gefunden habt!\n\t<\/h2>\n\t<p>&nbsp;<\/p>\n<p>Wir machen nicht nur Hochzeitsfotos &#8211; wir erz\u00e4hlen eure ganz pers\u00f6nliche Geschichte.<\/p>\n<p>Wir fangen die einzigartigen Emotionen und Stimmungen eures gro\u00dfen Tages ein. Mit unsere Fotos sollt ihr auch Jahrzehnte sp\u00e4ter noch in Erinnerungen schwelgen und die Liebe und Freude eures Hochzeitstags erneut erleben k\u00f6nnen.<\/p>\n<p>&nbsp;<\/p>\n<h2>\n\t\tSTORYTELLING\n\t<\/h2>\n<h2>\n\t\tUnsere Hochzeitsreportagen\n\t<\/h2>\n\t<p>Nat\u00fcrlich gibt es immer das eine Bild, das bei einer Arbeit heraussticht, aber\u00a0ein einzelnes Bild alleine schafft es nicht eine ganze Geschichte zu erz\u00e4hlen. Wir sind nicht nur Fotografinnen und Fotografen &#8211; wir m\u00f6chten eure ganze Geschichten erz\u00e4hlen. Klickt euch doch mal durch unsere Storytelling-Reportagen, um euch einen authentischen Eindruck unserer Arbeit zu verschaffen.<\/p>\n\t\t\t\t<img loading=\"lazy\" decoding=\"async\" src=\"https:\/\/zealous-babbage.81-27-231-25.plesk.page\/wp-content\/uploads\/2023\/02\/Hochzeitsfotograf-Saarland-Authentic-Stories-10-1-1024x683-1.jpg\" alt=\"Hochzeitsfotograf-Saarland-Authentic-Stories-10-1-1024x683\" itemprop=\"image\" height=\"683\" width=\"1024\" title=\"Hochzeitsfotograf-Saarland-Authentic-Stories-10-1-1024x683\" onerror=\"this.style.display='none'\"  \/>\n\t\t\t\t<img loading=\"lazy\" decoding=\"async\" src=\"https:\/\/zealous-babbage.81-27-231-25.plesk.page\/wp-content\/uploads\/2023\/02\/Hochzeitsfotograf-Saarland-Authentic-Stories-136-1-1024x683-1.jpg\" alt=\"K\u00f6ln 2\" itemprop=\"image\" height=\"683\" width=\"1024\" title=\"Hochzeitsfotograf-Saarland-Authentic-Stories-136-1-1024x683\" onerror=\"this.style.display='none'\"  \/>\n\t\t\t\t<img loading=\"lazy\" decoding=\"async\" src=\"https:\/\/zealous-babbage.81-27-231-25.plesk.page\/wp-content\/uploads\/2023\/02\/Hochzeitsfotograf-Saarland-Authentic-Stories-147-1-1024x683-1.jpg\" alt=\"Hochzeitsfotograf-Saarland-Authentic-Stories-147-1-1024x683\" itemprop=\"image\" height=\"683\" width=\"1024\" title=\"Hochzeitsfotograf-Saarland-Authentic-Stories-147-1-1024x683\" onerror=\"this.style.display='none'\"  \/>\n<h3>\n\t\tSabrina &#038; Stephan\n\t<\/h3>\n<h2>\n\t\t<a href=\"https:\/\/zealous-babbage.81-27-231-25.plesk.page\/index.php\/reportage-1-copy\/\" title=\"Hochzeit auf der Godesburg\" target=\"_self\" rel=\"noopener\">\n\t\tHochzeit auf der Godesburg\n\t\t<\/a>\n\t<\/h2>\n\t<p>Inspiriert von dem modernem Feinschmeckerlokal Godesburg in seinen geschichtstr\u00e4chtigen Mauern von 1210 gaben sich Sabine und der Captain America Fan Stephan das Ja-Wort, und das gleich zwei mal!\u00a0<\/p>\n\t\t\t<a href=\"https:\/\/zealous-babbage.81-27-231-25.plesk.page\/index.php\/reportage-1-copy\/\" target=\"_self\" role=\"button\" rel=\"noopener\">\n\t\t\t\t\t\t\tZur Story\n\t\t\t\t\t<\/a>\n<h3>\n\t\tEva &#038; Dominik\n\t<\/h3>\n<h2>\n\t\t<a href=\"https:\/\/zealous-babbage.81-27-231-25.plesk.page\/index.php\/reportage-1\/\" title=\"Hochzeit in der Schwanenkirche\" target=\"_self\" rel=\"noopener\">\n\t\tHochzeit in der Schwanenkirche\n\t\t<\/a>\n\t<\/h2>\n\t<p>Konfetti von Kindergartenkindern, Kinderschokoladentorte und eine einzigartige Geschichte: Bei der Trauung von Eva und Dominik in der Schwanenkirche in Roes in der Vordereifel herrschte eine einzigartig harmonische Atmosph\u00e4re.<\/p>\n\t\t\t<a href=\"https:\/\/zealous-babbage.81-27-231-25.plesk.page\/index.php\/reportage-1\/\" target=\"_self\" role=\"button\" rel=\"noopener\">\n\t\t\t\t\t\t\tZur Story\n\t\t\t\t\t<\/a>\n\t\t\t\t<img loading=\"lazy\" decoding=\"async\" src=\"https:\/\/zealous-babbage.81-27-231-25.plesk.page\/wp-content\/uploads\/2023\/02\/ED-24.jpg\" alt=\"E&amp;D-24\" itemprop=\"image\" height=\"1365\" width=\"2048\" title=\"E&amp;D-24\" onerror=\"this.style.display='none'\"  \/>\n\t\t\t\t<img loading=\"lazy\" decoding=\"async\" src=\"https:\/\/zealous-babbage.81-27-231-25.plesk.page\/wp-content\/uploads\/2023\/02\/ED-63.jpg\" alt=\"E&amp;D-63\" itemprop=\"image\" height=\"1365\" width=\"2048\" title=\"E&amp;D-63\" onerror=\"this.style.display='none'\"  \/>\n\t\t\t\t<img loading=\"lazy\" decoding=\"async\" src=\"https:\/\/zealous-babbage.81-27-231-25.plesk.page\/wp-content\/uploads\/2023\/02\/ED-61.jpg\" alt=\"E&amp;D-61\" itemprop=\"image\" height=\"1365\" width=\"2048\" title=\"E&amp;D-61\" onerror=\"this.style.display='none'\"  \/>\n\t\t\t\t<img loading=\"lazy\" decoding=\"async\" src=\"https:\/\/zealous-babbage.81-27-231-25.plesk.page\/wp-content\/uploads\/2023\/03\/Island-42-scaled.jpg\" alt=\"Island-42\" itemprop=\"image\" height=\"1707\" width=\"2560\" title=\"Island-42\" onerror=\"this.style.display='none'\"  \/>\n\t\t\t\t<img loading=\"lazy\" decoding=\"async\" src=\"https:\/\/zealous-babbage.81-27-231-25.plesk.page\/wp-content\/uploads\/2023\/03\/Island-5-scaled.jpg\" alt=\"Island-5\" itemprop=\"image\" height=\"1707\" width=\"2560\" title=\"Island-5\" onerror=\"this.style.display='none'\"  \/>\n\t\t\t\t<img loading=\"lazy\" decoding=\"async\" src=\"https:\/\/zealous-babbage.81-27-231-25.plesk.page\/wp-content\/uploads\/2023\/03\/Island-62-scaled.jpg\" alt=\"Island-62\" itemprop=\"image\" height=\"2560\" width=\"1707\" title=\"Island-62\" onerror=\"this.style.display='none'\"  \/>\n<h3>\n\t\tLisa &#038; Johannes\n\t<\/h3>\n<h2>\n\t\t<a href=\"https:\/\/zealous-babbage.81-27-231-25.plesk.page\/index.php\/reportage-1-copy\/\" title=\"Hochzeit auf Island\" target=\"_self\" rel=\"noopener\">\n\t\tHochzeit auf Island\n\t\t<\/a>\n\t<\/h2>\n\t<p>Mit Lisa und Johannes durften wir nach Island fliegen und in der unglaublichen Landschaft. dieser Insel fotografieren! Rauer Wind, tosende Wasserf\u00e4lle und schwarzer Sand.<\/p>\n\t\t\t<a href=\"https:\/\/zealous-babbage.81-27-231-25.plesk.page\/index.php\/reportage-1-copy\/\" target=\"_self\" role=\"button\" rel=\"noopener\">\n\t\t\t\t\t\t\tZur Story\n\t\t\t\t\t<\/a>\n\t<p>Hallo! Hier kommt noch ein inspirierendes Zitat hin!<\/p>\n<h2>\n\t\tUnsere liebsten Hochzeitslocations in K\u00f6ln\n\t<\/h2>\n\t\t\t\t\t\t<a href=\"https:\/\/zealous-babbage.81-27-231-25.plesk.page\/index.php\/reportage-1\/\" target=\"_blank\" rel=\"noopener\">\n\t\t\t\t\t\t\t\t\t\t\t\t<img decoding=\"async\" src=\"https:\/\/zealous-babbage.81-27-231-25.plesk.page\/wp-content\/uploads\/2023\/02\/ED-61.jpg\" alt=\"Schwanenkirche\" \/>\n\t\t\t\t\t\t\t\t<h3>Schwanenkirche<\/h3>\n\t\t\t\t\t\t\t\t\t\t<\/a>\n\t\t\t\t\t\t<a href=\"https:\/\/zealous-babbage.81-27-231-25.plesk.page\/index.php\/reportage-1-copy\/\" target=\"_self\" rel=\"noopener\">\n\t\t\t\t\t\t\t\t\t\t\t\t<img decoding=\"async\" src=\"https:\/\/zealous-babbage.81-27-231-25.plesk.page\/wp-content\/uploads\/2023\/02\/Hochzeitsfotograf-Saarland-Authentic-Stories-24-1-1024x683-1.jpg\" alt=\"Godesburg\" \/>\n\t\t\t\t\t\t\t\t<h3>Godesburg<\/h3>\n\t\t\t\t\t\t\t\t\t\t<\/a>\n\t\t\t\t\t\t<a href=\"https:\/\/zealous-babbage.81-27-231-25.plesk.page\/index.php\/reportage-1-copy-2\/\" target=\"_self\" rel=\"noopener\">\n\t\t\t\t\t\t\t\t\t\t\t\t<img decoding=\"async\" src=\"https:\/\/zealous-babbage.81-27-231-25.plesk.page\/wp-content\/uploads\/2023\/03\/Island-42-scaled.jpg\" alt=\"Island\" \/>\n\t\t\t\t\t\t\t\t<h3>Island<\/h3>\n\t\t\t\t\t\t\t\t\t\t<\/a>\n\t\t\t\t\t\t\t\t<h3>Gut Nettehammer<\/h3>\n\t\t\t\t\t\t\t\t<h3>Gut Nettehammer<\/h3>\n\t\t\t\t\t\t\t\t<h3>Gut Nettehammer<\/h3>\n<h2>\n\t\tAbout\n\t<\/h2>\n\t<p>Jede Hochzeit ist einzigartig &#8211; das hat uns unsere Erfahrung als Hochzeitsfotografinnen und Hochzeitsfotografen schon fr\u00fch gelehrt. Es ist unsere Aufgabe,\u00a0die Sch\u00f6nheit und Magie eures Tages in unseren Fotos zu verewigen. Wir nehmen uns die Zeit, um eure W\u00fcnsche und Bed\u00fcrfnisse zu verstehen, um sicherzustellen, dass wir eure Erwartungen \u00fcbertreffen.<\/p>\n<p>Wir arbeiten mit hochwertiger Ausr\u00fcstung und neuesten Technologien, um euch die besten Ergebnisse zu liefern, die ihre euch w\u00fcnscht.\u00a0Wir versuchen uns als G\u00e4ste zu verhalten und so kaum aufzufallen, damit nichts euren Tag st\u00f6rt und ihr euch auf das Wesentliche konzentrieren k\u00f6nnt.\u00a0Unser Ziel ist es, die Geschichte eures besonderen Tages in einer erstaunliche Sammlung von Fotos festzuhalten, die euch f\u00fcr immer an diesen Tag erinnern wird. Wir freuen uns darauf, mit euch zusammenzuarbeiten, um eure Hochzeit zu einem unvergesslichen Erlebnis zu machen. Kontaktiert uns gerne f\u00fcr weitere Informationen und um uns f\u00fcr euren Hochzeitstermin zu buchen.<\/p>\n<p>&nbsp;<\/p>\n\t<iframe src=\"https:\/\/player.vimeo.com\/video\/349643112?h=9cc0b28111&amp;badge=0&amp;autopause=0&amp;player_id=0&amp;app_id=58479\" frameborder=\"0\" allow=\"autoplay; fullscreen; picture-in-picture\" allowfullscreen title=\"Wedding : uncut\"><\/iframe>\n\n<h2>\n\t\tUnsere Hochzeitsfotografinnen &#038; Hochzeitsfotografen\n\t<\/h2>\n\t\t\t\t<img decoding=\"async\" src=\"https:\/\/zealous-babbage.81-27-231-25.plesk.page\/wp-content\/plugins\/bb-plugin\/img\/pixel.png\" alt=\"\" itemprop=\"image\" onerror=\"this.style.display='none'\"  \/>\n\t\t\t\t<img decoding=\"async\" src=\"https:\/\/zealous-babbage.81-27-231-25.plesk.page\/wp-content\/plugins\/bb-plugin\/img\/pixel.png\" alt=\"\" itemprop=\"image\" onerror=\"this.style.display='none'\"  \/>\n\t\t\t\t<img decoding=\"async\" src=\"https:\/\/zealous-babbage.81-27-231-25.plesk.page\/wp-content\/plugins\/bb-plugin\/img\/pixel.png\" alt=\"\" itemprop=\"image\" onerror=\"this.style.display='none'\"  \/>\n\t\t\t\t<img decoding=\"async\" src=\"https:\/\/zealous-babbage.81-27-231-25.plesk.page\/wp-content\/plugins\/bb-plugin\/img\/pixel.png\" alt=\"\" itemprop=\"image\" onerror=\"this.style.display='none'\"  \/>\n\t\t\t\t<img decoding=\"async\" src=\"https:\/\/zealous-babbage.81-27-231-25.plesk.page\/wp-content\/plugins\/bb-plugin\/img\/pixel.png\" alt=\"\" itemprop=\"image\" onerror=\"this.style.display='none'\"  \/>\n\t\t\t\t<img decoding=\"async\" src=\"https:\/\/zealous-babbage.81-27-231-25.plesk.page\/wp-content\/plugins\/bb-plugin\/img\/pixel.png\" alt=\"\" itemprop=\"image\" onerror=\"this.style.display='none'\"  \/>\n\t\t\t\t<img decoding=\"async\" src=\"https:\/\/zealous-babbage.81-27-231-25.plesk.page\/wp-content\/plugins\/bb-plugin\/img\/pixel.png\" alt=\"\" itemprop=\"image\" onerror=\"this.style.display='none'\"  \/>\n\t\t\t\t<img decoding=\"async\" src=\"https:\/\/zealous-babbage.81-27-231-25.plesk.page\/wp-content\/plugins\/bb-plugin\/img\/pixel.png\" alt=\"\" itemprop=\"image\" onerror=\"this.style.display='none'\"  \/>\n<h2>\n\t\tEure Fragen &#8211; Unsere Antworten\n\t<\/h2>\n\t\t\t\t\tWie erhalten wir unsere Bilder nach der Hochzeit?\t\t\t\t\n\t\t\t\t\t<p>Eure Hochzeitsbilder erhaltet ihr in einer \u00a0wundersch\u00f6nen Online-Galerie! Dort k\u00f6nnt ihr euch eure Aufnahmen in Ruhe anschauen und auch herunterladen.\u00a0Nat\u00fcrlich k\u00f6nnt ihr den Link der Hochzeitsgalerie auch an Freund:innen und Familie schicken!<\/p>\n<p>Solltet ihr intimere\/privatere Bilder (z.B. Bilder vom Getting Ready oder Paarbilder) nicht mit allen teilen wollen, k\u00f6nnt ihr diese selbstverst\u00e4ndlich als rein privat markieren. Ihr k\u00f6nnt eure privaten Bilder weiterhin ansehen, eure Freund:innen bekommen diese Fotos von der Hochzeit aber nicht angezeigt.<\/p>\n\t\t\t\t\tWie viele Fotos erhalten wir?\t\t\t\t\n\t\t\t\t\t<p>Wir machen an eurer Hochzeit mehrere tausend Fotos. Da wir mit den Aufnahmen eure Geschichte erz\u00e4hlen, schmei\u00dfen wir doppelte oder unpassende Bilder raus und sortieren diese dann zu einer tollen <a href=\"https:\/\/authentic-stories.com\/geschichten\/\" target=\"_blank\" rel=\"noopener\">\u201eStory &#8222;<\/a>.<\/p>\n\t\t\t\t\tWas passiert, wenn das Wetter schlecht ist? \t\t\t\t\n\t\t\t\t\t<p>Es gibt kein &#8222;schlechtes Wetter&#8220; an eurem Tag! Euer Wetter ist halt euer Wetter.\u00a0Wir fotografieren im <a href=\"https:\/\/authentic-stories.com\/geschichten\/\" target=\"_blank\" rel=\"noopener\">Reportage-<\/a>Stil und machen auch bei Regen Fotos. F\u00fcr das Paarshooting findet man immer ein Zeitfenster, in dem es mal gerade nicht regnet oder ein trockenes Pl\u00e4tzchen.\u00a0Falls es euch beruhigt, ein Fotograf freut sich zum Beispiel sehr \u00fcber einen bew\u00f6lkten Himmel.<\/p>\n\t\t\t\t\tWie lange dauert es bis wir unsere Bilder erhalten?\t\t\t\t\n\t\t\t\t\t<p>Versprochen, wir beeilen uns wirklich mit der Bildbearbeitung. Dennoch m\u00f6chten wir uns f\u00fcr eure Hochzeitsfotos so viel Zeit wie n\u00f6tig nehmen, damit wir euch die Qualit\u00e4t liefern k\u00f6nnen, die ihr euch w\u00fcnscht. Da wir im Sommer jedoch jedes Wochenende unterwegs sind, kann es hier schon mal bis zu 6 Wochen dauern. Wir senden euch aber gerne schonmal ein paar Eindr\u00fccke vorab.<\/p>\n\t\t\t\t\tWas passiert, wenn euer Equipment kaputt geht?\t\t\t\t\n\t\t\t\t\t<p>Wir haben f\u00fcr solche F\u00e4lle immer Ersatzequipment dabei, sodass nichts passieren kann. Wir nutzen doppelte Speichermedien und haben immer ein Backup in der Tasche.<\/p>\n\t\t\t\t\tBegleitet ihr Hochzeiten nur in K\u00f6ln und Bonn? \t\t\t\t\n\t\t\t\t\t<p>Wir begleiten nicht nur Hochzeiten im Raum<a href=\"https:\/\/authentic-stories.com\/\">\u00a0K\u00f6ln\/Bonn<\/a>, sondern\u00a0begleiten Hochzeiten auch gerne weltweit &#8211; egal wo ihr heiratet. Wirklich, wir waren schon auf Island im hohen Norden und im S\u00fcden hat uns die Hochzeitsfotografie schon bis in die Toskana gebracht.<\/p>\n\t\t\t\t\tWelche Nutzungsrechte haben wir?\t\t\t\t\n\t\t\t\t\t<p>Ihr habt alle privaten Nutzungsrechte f\u00fcr eure Hochzeitsbilder. Ihr d\u00fcrft sie also mit euren Freund:innen teilen, sie ausdrucken oder damit eure Wand tapezieren. Ihr d\u00fcrft die Bilder nur nicht gewerblich verkaufen.<\/p>\n\t\t\t\t\tWie viel Zeit sollten wir f\u00fcr die Fotos einplanen?\t\t\t\t\n\t\t\t\t\t<p>Wir begleiten euch bei eurer Hochzeit den ganzen Tag und erstellen eine Hochzeitsreportage, um all eure gro\u00dfen und kleine Momente festzuhalten. Die meisten Paare buchen uns f\u00fcr eine Reportage vom Getting Ready bis zum Hochzeitstanz.\u00a0<\/p>\n<p>Uns ist wichtig, dass ihr euren gro\u00dfen Tag mit euren Freund:innen und der Familie verbringen k\u00f6nnt. Wir m\u00f6chten nicht besonders viele Paarbilder machen &#8211; unser Schwerpunkt liegt auf echten Momenten. Aus diesem Grund entf\u00fchren wir euch nur f\u00fcr\u00a0maximal 15-30 min f\u00fcr das Paarshooting.<\/p>\n\t\t\t\t\tSind am Ende viele Schwarz\/Wei\u00df-Fotos dabei?\t\t\t\t\n\t\t\t\t\t<p>Wir bearbeiten alle unsere Fotos im Anschluss an die Sortierung eurer Story. Einige Bilder wirken am besten in S\/W &#8211; das h\u00e4ngt immer von den \u00e4u\u00dferen Umst\u00e4nden ab. Wir sch\u00e4tzen, dass meistens ca. 25% der Bilder in SW sind.<\/p>\n\t\t\t\t\tWas ist wenn der Hochzeitsfotograf krank wird? \t\t\t\t\n\t\t\t\t\t<p>Wir sind ein gro\u00dfes <a href=\"https:\/\/authentic-stories.com\/das-fotografen-team\/\" target=\"_blank\" rel=\"noopener\">Team<\/a> von Hochzeitsfotografen und sind in der Region K\u00f6ln\/Bonn gut vernetzt, weshalb wir zur Not immer eine:n Ersatzfotograf:in schicken k\u00f6nnen!<\/p>\n<p>Ihr m\u00fcsst euch also keine Gedanken machen, dass ihr am Tag der Hochzeit ohne Hochzeitsfotograf am Standesamt steht.\u00a0<\/p>\n\t\t\t\t\tWerden unsere Fotos ver\u00f6ffentlicht?\t\t\t\t\n\t\t\t\t\t<p>Eure Hochzeitsfotos werden nur mit eurem expliziten Einverst\u00e4ndnis ver\u00f6ffentlicht. Wir freuen uns aber nat\u00fcrlich immer, wenn wir die Bilder zeigen d\u00fcrfen. Das hilft uns n\u00e4mlich sehr!<\/p>\n\t\t\t\t\tIn welcher Aufl\u00f6sung erhalten wir die Bilder?\t\t\t\t\n\t\t\t\t\t<p>Ihr erhaltet all eure Hochzeitsfotos bearbeitet und in maximaler Aufl\u00f6sung in eurer Online-Galerie. Auf Wunsch k\u00f6nnt ihr aber auch gerne einen gedruckten Bildband bei uns bestellen.<\/p>\n\t\t\t\t\tWann bucht man euch als Hochzeitsfotograf:innen am besten?\t\t\t\t\n\t\t\t\t\t<p>Am besten bucht ihr uns als Hochzeitsfotograf:innen so fr\u00fch wie m\u00f6glich. Wir bekommen viele Anfragen und irgendwann sind die Termine einfach belegt. Also schreibt uns gerne direkt!<\/p>\n\t\t\t\t\tWie lange werden unsere Bilder gespeichert?\t\t\t\t\n\t\t\t\t\t<p>Wir empfehlen euch eure Bilder direkt doppelt zu sichern. Momentan haben wir noch alle Bilder der letzten Jahre gespeichert, aber auch bei uns kann etwas an die Festplatten kommen. Ab dem Erhalt der Bilder liegt die Verantwortung bei euch.<\/p>\nNo posts found\n\t<p>Instagram: @authenticstories<\/p>\n<h2>\n\t\tIhr wisst schon euren Wunschtermin oder habt noch Fragen?\n\t<\/h2>\n<h2>\n\t\tSchreibt uns!\n\t<\/h2>\n\t\t\t\t<img loading=\"lazy\" decoding=\"async\" src=\"https:\/\/zealous-babbage.81-27-231-25.plesk.page\/wp-content\/uploads\/2023\/03\/Element-1.png\" alt=\"K\u00f6ln 1\" itemprop=\"image\" height=\"65\" width=\"185\" title=\"Element 1\" onerror=\"this.style.display='none'\"  \/>\n\tInhaber: Lars May<br \/>\nHauptstra\u00dfe 45<br \/>\n56743 Mendig\n<p>+49 2652 9585155<\/p>\n<p>info@larsmay.com<\/p>\n\n","protected":false},"excerpt":{"rendered":"<p>Hochzeitsfotografie K\u00f6ln Willkommen bei Authentic Stories! Sch\u00f6n, dass ihr uns gefunden habt! &nbsp; Wir machen nicht nur Hochzeitsfotos &#8211; wir erz\u00e4hlen eure ganz pers\u00f6nliche Geschichte. Wir fangen die einzigartigen Emotionen und Stimmungen eures gro\u00dfen Tages ein. Mit unsere Fotos sollt ihr auch Jahrzehnte sp\u00e4ter noch in Erinnerungen schwelgen und die Liebe und Freude eures Hochzeitstags&hellip;<\/p>\n","protected":false},"author":1,"featured_media":0,"parent":0,"menu_order":0,"comment_status":"closed","ping_status":"closed","template":"tpl-no-header-footer.php","meta":{"footnotes":""},"class_list":["post-9","page","type-page","status-publish","hentry"],"_links":{"self":[{"href":"https:\/\/zealous-babbage.81-27-231-25.plesk.page\/index.php\/wp-json\/wp\/v2\/pages\/9","targetHints":{"allow":["GET"]}}],"collection":[{"href":"https:\/\/zealous-babbage.81-27-231-25.plesk.page\/index.php\/wp-json\/wp\/v2\/pages"}],"about":[{"href":"https:\/\/zealous-babbage.81-27-231-25.plesk.page\/index.php\/wp-json\/wp\/v2\/types\/page"}],"author":[{"embeddable":true,"href":"https:\/\/zealous-babbage.81-27-231-25.plesk.page\/index.php\/wp-json\/wp\/v2\/users\/1"}],"replies":[{"embeddable":true,"href":"https:\/\/zealous-babbage.81-27-231-25.plesk.page\/index.php\/wp-json\/wp\/v2\/comments?post=9"}],"version-history":[{"count":61,"href":"https:\/\/zealous-babbage.81-27-231-25.plesk.page\/index.php\/wp-json\/wp\/v2\/pages\/9\/revisions"}],"predecessor-version":[{"id":707,"href":"https:\/\/zealous-babbage.81-27-231-25.plesk.page\/index.php\/wp-json\/wp\/v2\/pages\/9\/revisions\/707"}],"wp:attachment":[{"href":"https:\/\/zealous-babbage.81-27-231-25.plesk.page\/index.php\/wp-json\/wp\/v2\/media?parent=9"}],"curies":[{"name":"wp","href":"https:\/\/api.w.org\/{rel}","templated":true}]}}